{"id":1617,"date":"2018-08-20T14:09:11","date_gmt":"2018-08-20T14:09:11","guid":{"rendered":"http:\/\/brynn.elated-themes.com\/?page_id=1617"},"modified":"2021-10-11T02:11:44","modified_gmt":"2021-10-11T00:11:44","slug":"contact","status":"publish","type":"page","link":"https:\/\/florerostaing.com\/index.php\/contact\/","title":{"rendered":"Prendre contact"},"content":{"rendered":"<div class=\"wrapper\"><div  class=\"column-section clearfix spaced-big  col-align-top no-anim\"><div  class=\"column two-third   col1 no-anim\" >\n<h5 class=\"title-alt align-auto  h7\">\u00c9changer<\/h5>\n<h5 class=\"p1\"><span class=\"s1\">Directrice artistique freelance<\/span><\/h5>\n<\/div><div  class=\"column one-third last-col  col2 no-anim\" >\n<p class=\"p1\"><span class=\"s1\">Paris<\/span><\/p>\n<p class=\"p1\"><span class=\"s1\">1 rue Dulong<br \/>\n<\/span><span class=\"s1\">75017 Paris<br \/>\n<\/span><span class=\"s1\">France<\/span><\/p>\n<p class=\"p1\"><span class=\"s1\">+33 (0)6 21 52 60 12<br \/>\n<\/span><a href=\"mailto:flore.rostaing@gmail.com\"><span class=\"s1\">flore.rostaing@gmail.com<\/span><\/a><\/p>\n<\/div><\/div><\/div><div class=\"spacer spacer-big \"><\/div><div class=\"spacer spacer-big \"><\/div><div class=\"wrapper\"><div  class=\"column-section clearfix spaced-normal  col-align-top no-anim\"><div  class=\"column one-full last-col  col3 no-anim\" >\n<h5 class=\"title-alt align-auto  h7\">\u00c9changer<\/h5>\n<h4 class=\"p1\"><span class=\"s1\">Vous avez besoin d&rsquo;une identit\u00e9 visuelle , vous souhaitez faire \u00e9voluer votre image, vous cherchez \u00e0 concevoir et cr\u00e9er de nouveaux supports de communication (\u00e9dition, site web, newsletter&#8230;) ?\u00a0<\/span><\/h4>\n<\/div><\/div><\/div><div class=\"spacer spacer-big \"><\/div><div class=\"spacer spacer-big \"><\/div><div class=\"wrapper\"><div  class=\"column-section clearfix spaced-normal  col-align-top no-anim\"><div  class=\"column one-half   col4 no-anim\" >\n<h5 class=\"title-alt align-auto  h7\">Pour me contacter<\/h5>\n<h5 class=\"p1\"><span class=\"s1\">Et si on en parlait ? Contactez moi par mail ou envoyez moi votre brief.<\/span><\/h5>\n<\/div><div  class=\"column one-half last-col  col5 no-anim\" >\n<div role=\"form\" class=\"wpcf7\" id=\"wpcf7-f9-o1\" lang=\"fr-FR\" dir=\"ltr\">\n<div class=\"screen-reader-response\"><p role=\"status\" aria-live=\"polite\" aria-atomic=\"true\"><\/p> <ul><\/ul><\/div>\n<form action=\"\/index.php\/wp-json\/wp\/v2\/pages\/1617#wpcf7-f9-o1\" method=\"post\" class=\"wpcf7-form init\" novalidate=\"novalidate\" data-status=\"init\">\n<div style=\"display: none;\">\n<input type=\"hidden\" name=\"_wpcf7\" value=\"9\" \/>\n<input type=\"hidden\" name=\"_wpcf7_version\" value=\"5.4.2\" \/>\n<input type=\"hidden\" name=\"_wpcf7_locale\" value=\"fr_FR\" \/>\n<input type=\"hidden\" name=\"_wpcf7_unit_tag\" value=\"wpcf7-f9-o1\" \/>\n<input type=\"hidden\" name=\"_wpcf7_container_post\" value=\"0\" \/>\n<input type=\"hidden\" name=\"_wpcf7_posted_data_hash\" value=\"\" \/>\n<\/div>\n<p><label> Votre nom (obligatoire)<br \/>\n    <span class=\"wpcf7-form-control-wrap your-name\"><input type=\"text\" name=\"your-name\" value=\"\" size=\"40\" class=\"wpcf7-form-control wpcf7-text wpcf7-validates-as-required\" aria-required=\"true\" aria-invalid=\"false\" \/><\/span> <\/label><\/p>\n<p><label> Votre adresse de messagerie (obligatoire)<br \/>\n    <span class=\"wpcf7-form-control-wrap your-email\"><input type=\"email\" name=\"your-email\" value=\"\" size=\"40\" class=\"wpcf7-form-control wpcf7-text wpcf7-email wpcf7-validates-as-required wpcf7-validates-as-email\" aria-required=\"true\" aria-invalid=\"false\" \/><\/span> <\/label><\/p>\n<p><label> Objet<br \/>\n    <span class=\"wpcf7-form-control-wrap your-subject\"><input type=\"text\" name=\"your-subject\" value=\"\" size=\"40\" class=\"wpcf7-form-control wpcf7-text\" aria-invalid=\"false\" \/><\/span> <\/label><\/p>\n<p><label> Votre message<br \/>\n    <span class=\"wpcf7-form-control-wrap your-message\"><textarea name=\"your-message\" cols=\"40\" rows=\"10\" class=\"wpcf7-form-control wpcf7-textarea\" aria-invalid=\"false\"><\/textarea><\/span> <\/label><\/p>\n<p><input type=\"submit\" value=\"Envoyer\" class=\"wpcf7-form-control wpcf7-submit\" \/><\/p>\n<div class=\"wpcf7-response-output\" aria-hidden=\"true\"><\/div><\/form><\/div>\n<\/div><\/div><\/div>\n","protected":false},"excerpt":{"rendered":"","protected":false},"author":1,"featured_media":0,"parent":0,"menu_order":0,"comment_status":"closed","ping_status":"closed","template":"","meta":[],"_links":{"self":[{"href":"https:\/\/florerostaing.com\/index.php\/wp-json\/wp\/v2\/pages\/1617"}],"collection":[{"href":"https:\/\/florerostaing.com\/index.php\/wp-json\/wp\/v2\/pages"}],"about":[{"href":"https:\/\/florerostaing.com\/index.php\/wp-json\/wp\/v2\/types\/page"}],"author":[{"embeddable":true,"href":"https:\/\/florerostaing.com\/index.php\/wp-json\/wp\/v2\/users\/1"}],"replies":[{"embeddable":true,"href":"https:\/\/florerostaing.com\/index.php\/wp-json\/wp\/v2\/comments?post=1617"}],"version-history":[{"count":27,"href":"https:\/\/florerostaing.com\/index.php\/wp-json\/wp\/v2\/pages\/1617\/revisions"}],"predecessor-version":[{"id":5055,"href":"https:\/\/florerostaing.com\/index.php\/wp-json\/wp\/v2\/pages\/1617\/revisions\/5055"}],"wp:attachment":[{"href":"https:\/\/florerostaing.com\/index.php\/wp-json\/wp\/v2\/media?parent=1617"}],"curies":[{"name":"wp","href":"https:\/\/api.w.org\/{rel}","templated":true}]}}