{"id":4772,"date":"2019-06-20T12:26:05","date_gmt":"2019-06-20T12:26:05","guid":{"rendered":"http:\/\/spab-rice.com\/wordpress\/vavo\/demo\/?page_id=227"},"modified":"2021-10-11T01:49:37","modified_gmt":"2021-10-10T23:49:37","slug":"about","status":"publish","type":"page","link":"https:\/\/florerostaing.com\/index.php\/about\/","title":{"rendered":"\u00c0 mon sujet"},"content":{"rendered":"<div  class=\"fullwidth-section text-dark section1\" style=\"background-color:#ffffff\"><div class=\"fullwidth-content\"><div class=\"wrapper-medium\"><div  class=\"column-section clearfix spaced-huge  col-align-top no-anim\"><div  class=\"column two-fourth   col1 no-anim\" ><h5 class=\"title-alt align-auto  h7\">Mes domaines d&rsquo;expertises<\/h5>\n<h3 class=\"p1\">Directrice artistique senior 360\u00b0 (identit\u00e9 visuelle, charte graphique, site web, powerpoint, \u00e9dition, presse, rapport annuel, presse d&rsquo;entreprise, motion design). Exp\u00e9rience en communication d&rsquo;entreprise (communication corporate, interne, financi\u00e8re, RH et RSE), pilotage des dossiers du brief \u00e0 la livraison, management des prestataires ext\u00e9rieurs.<\/h3>\n<\/div><div  class=\"column one-fourth   col2 no-anim\" >\n<h5><strong>Digital<\/strong><\/h5>\n<ul class=\"nolist\">\n<li>\n<p class=\"p1\"><span class=\"s1\">Web design<\/span><\/p>\n<\/li>\n<li>\n<p class=\"p1\"><span class=\"s1\">WordPress<\/span><\/p>\n<\/li>\n<li>\n<p class=\"p1\"><span class=\"s1\">Motion design<\/span><\/p>\n<\/li>\n<li>\n<p class=\"p1\"><span class=\"s1\">Pdf interactif<\/span><\/p>\n<\/li>\n<\/ul>\n<\/div><div  class=\"column one-fourth last-col  col3 no-anim\" >\n<h5><strong>Branding<\/strong><\/h5>\n<ul class=\"nolist\">\n<li>\n<p class=\"p1\"><span class=\"s1\">Indentit\u00e9 visuelle<\/span><\/p>\n<\/li>\n<li>\n<p class=\"p1\"><span class=\"s1\">Catalogue<\/span><\/p>\n<\/li>\n<li>\n<p class=\"p1\"><span class=\"s1\">Charte graphique<\/span><\/p>\n<\/li>\n<li>\n<p class=\"p1\"><span class=\"s1\">Cartes de visite<\/span><\/p>\n<\/li>\n<li>\n<p class=\"p1\"><span class=\"s1\">Flyers<\/span><\/p>\n<\/li>\n<li>\n<p class=\"p1\"><span class=\"s1\">Brochures<\/span><\/p>\n<\/li>\n<li>\n<p class=\"p1\"><span class=\"s1\">Infographies<\/span><\/p>\n<\/li>\n<\/ul>\n<\/div><\/div><\/div><div class=\"spacer spacer-big \"><\/div><div class=\"spacer spacer-medium \"><\/div><div class=\"flickity-wrapper follow-mouse nav-dark\"><span class=\"mouse-action\">Drag<\/span><div class=\"flickity-carousel image-gallery  carousel-slider nav-dark\" data-flickity='{ \n\t\t\t\"prevNextButtons\": false,\n\t\t\t\"pageDots\": false,\n\t\t\t\"lazy\": 1,\n\t\t\t\"autoPlay\": false,\n\t\t\t\"adaptiveHeight\": true,\n\t\t\t\"wrapAround\": false,\n\t\t\t\"arrowShape\": \"M1.2,50.5c0,1.1,0.6,2.4,1.1,2.9l0,0l22.1,21.5c1.7,1.7,4,1.7,5.8,0c1.7-1.7,1.7-4,0-5.8L15.1,53.9l79.7,0c2.4,0,4-1.7,4-4 c0-2.3-1.7-4-4-4l-79.7,0l14.5-15.1c1.7-1.7,1.7-4,0-5.8c-1.7-1.7-4-1.7-5.8,0L2.4,47.1l0,0c-0.6,0.6-0.6,1.1-1.1,1.1l0,0 C1.2,49.3,1.2,49.9,1.2,50.5z\"\n\t\t\t}'><div class=\"gallery-image\"><img class=\"\" src=\"https:\/\/florerostaing.com\/wp-content\/uploads\/2019\/06\/contact1.jpg\" srcset=\"https:\/\/florerostaing.com\/wp-content\/uploads\/2019\/06\/contact1.jpg 800w,https:\/\/florerostaing.com\/wp-content\/uploads\/2019\/06\/contact1-640x440.jpg 640w,https:\/\/florerostaing.com\/wp-content\/uploads\/2019\/06\/contact1-320x220.jpg 320w\" sizes=\"(max-width: 800px) 100vw, 800px\" width=\"800\" height=\"550\" alt=\"contact1\" \/><\/div><div class=\"gallery-image\"><img class=\"\" src=\"https:\/\/florerostaing.com\/wp-content\/uploads\/2019\/06\/contact2.jpg\" srcset=\"https:\/\/florerostaing.com\/wp-content\/uploads\/2019\/06\/contact2.jpg 800w,https:\/\/florerostaing.com\/wp-content\/uploads\/2019\/06\/contact2-640x440.jpg 640w,https:\/\/florerostaing.com\/wp-content\/uploads\/2019\/06\/contact2-320x220.jpg 320w\" sizes=\"(max-width: 800px) 100vw, 800px\" width=\"800\" height=\"550\" alt=\"contact2\" \/><\/div><div class=\"gallery-image\"><img class=\"\" src=\"https:\/\/florerostaing.com\/wp-content\/uploads\/2019\/06\/contact3.jpg\" srcset=\"https:\/\/florerostaing.com\/wp-content\/uploads\/2019\/06\/contact3.jpg 800w,https:\/\/florerostaing.com\/wp-content\/uploads\/2019\/06\/contact3-640x440.jpg 640w,https:\/\/florerostaing.com\/wp-content\/uploads\/2019\/06\/contact3-320x220.jpg 320w\" sizes=\"(max-width: 800px) 100vw, 800px\" width=\"800\" height=\"550\" alt=\"contact3\" \/><\/div><div class=\"gallery-image\"><img class=\"\" src=\"https:\/\/florerostaing.com\/wp-content\/uploads\/2020\/12\/amonsujet-4.jpg\" srcset=\"https:\/\/florerostaing.com\/wp-content\/uploads\/2020\/12\/amonsujet-4.jpg 800w,https:\/\/florerostaing.com\/wp-content\/uploads\/2020\/12\/amonsujet-4-640x440.jpg 640w,https:\/\/florerostaing.com\/wp-content\/uploads\/2020\/12\/amonsujet-4-320x220.jpg 320w\" sizes=\"(max-width: 800px) 100vw, 800px\" width=\"800\" height=\"550\" alt=\"amonsujet-4\" \/><\/div><\/div><\/div><\/div><\/div><div class=\"spacer spacer-big \"><\/div><div class=\"spacer spacer-small \"><\/div><div  class=\"fullwidth-section text-light section2\" style=\"background-color:#170426\"><div class=\"fullwidth-content\"><div class=\"wrapper\"><div  class=\"column-section clearfix spaced-normal  col-align-top no-anim\"><div  class=\"column one-full last-col  hasbg col4 do-anim\" style=\"\">\n<h4 style=\"text-align: center;\">\u201c Ceux qui m&rsquo;ont fait confiance \u201d<\/h4>\n<div class=\"spacer spacer-small \"><\/div><div class=\"flickity-wrapper follow-mouse nav-light\"><span class=\"mouse-action\">Drag<\/span><div class=\"flickity-carousel image-gallery  normal-slider nav-light\" data-flickity='{ \n\t\t\t\"prevNextButtons\": false,\n\t\t\t\"pageDots\": false,\n\t\t\t\"lazy\": 1,\n\t\t\t\"autoPlay\": true,\n\t\t\t\"adaptiveHeight\": true,\n\t\t\t\"wrapAround\": true,\n\t\t\t\"arrowShape\": \"M1.2,50.5c0,1.1,0.6,2.4,1.1,2.9l0,0l22.1,21.5c1.7,1.7,4,1.7,5.8,0c1.7-1.7,1.7-4,0-5.8L15.1,53.9l79.7,0c2.4,0,4-1.7,4-4 c0-2.3-1.7-4-4-4l-79.7,0l14.5-15.1c1.7-1.7,1.7-4,0-5.8c-1.7-1.7-4-1.7-5.8,0L2.4,47.1l0,0c-0.6,0.6-0.6,1.1-1.1,1.1l0,0 C1.2,49.3,1.2,49.9,1.2,50.5z\"\n\t\t\t}'><div class=\"gallery-image\"><img class=\"\" src=\"https:\/\/florerostaing.com\/wp-content\/uploads\/2019\/06\/sakara.png\" srcset=\"https:\/\/florerostaing.com\/wp-content\/uploads\/2019\/06\/sakara.png 117w\" sizes=\"(max-width: 117px) 100vw, 117px\" width=\"117\" height=\"53\" alt=\"sakara\" \/><\/div><div class=\"gallery-image\"><img class=\"\" src=\"https:\/\/florerostaing.com\/wp-content\/uploads\/2019\/06\/sequana.png\" srcset=\"https:\/\/florerostaing.com\/wp-content\/uploads\/2019\/06\/sequana.png 171w\" sizes=\"(max-width: 171px) 100vw, 171px\" width=\"171\" height=\"54\" alt=\"sequana\" \/><\/div><div class=\"gallery-image\"><img class=\"\" src=\"https:\/\/florerostaing.com\/wp-content\/uploads\/2019\/06\/logo-oeufdivin.png\" srcset=\"https:\/\/florerostaing.com\/wp-content\/uploads\/2019\/06\/logo-oeufdivin.png 181w\" sizes=\"(max-width: 181px) 100vw, 181px\" width=\"181\" height=\"108\" alt=\"logo-oeufdivin\" \/><\/div><div class=\"gallery-image\"><img class=\"\" src=\"https:\/\/florerostaing.com\/wp-content\/uploads\/2019\/06\/bollicina.png\" srcset=\"https:\/\/florerostaing.com\/wp-content\/uploads\/2019\/06\/bollicina.png 103w\" sizes=\"(max-width: 103px) 100vw, 103px\" width=\"103\" height=\"101\" alt=\"bollicina\" \/><\/div><div class=\"gallery-image\"><img class=\"\" src=\"https:\/\/florerostaing.com\/wp-content\/uploads\/2020\/12\/79c.png\" srcset=\"https:\/\/florerostaing.com\/wp-content\/uploads\/2020\/12\/79c.png 88w\" sizes=\"(max-width: 88px) 100vw, 88px\" width=\"88\" height=\"88\" alt=\"79c\" \/><\/div><\/div><\/div><div class=\"spacer spacer-big \"><\/div><div class=\"spacer spacer-big \"><\/div><div class=\"spacer spacer-big \"><\/div><\/div><\/div><\/div><\/div><\/div><div class=\"spacer spacer-big \"><\/div>\n","protected":false},"excerpt":{"rendered":"","protected":false},"author":1,"featured_media":0,"parent":0,"menu_order":0,"comment_status":"closed","ping_status":"closed","template":"","meta":[],"_links":{"self":[{"href":"https:\/\/florerostaing.com\/index.php\/wp-json\/wp\/v2\/pages\/4772"}],"collection":[{"href":"https:\/\/florerostaing.com\/index.php\/wp-json\/wp\/v2\/pages"}],"about":[{"href":"https:\/\/florerostaing.com\/index.php\/wp-json\/wp\/v2\/types\/page"}],"author":[{"embeddable":true,"href":"https:\/\/florerostaing.com\/index.php\/wp-json\/wp\/v2\/users\/1"}],"replies":[{"embeddable":true,"href":"https:\/\/florerostaing.com\/index.php\/wp-json\/wp\/v2\/comments?post=4772"}],"version-history":[{"count":29,"href":"https:\/\/florerostaing.com\/index.php\/wp-json\/wp\/v2\/pages\/4772\/revisions"}],"predecessor-version":[{"id":5049,"href":"https:\/\/florerostaing.com\/index.php\/wp-json\/wp\/v2\/pages\/4772\/revisions\/5049"}],"wp:attachment":[{"href":"https:\/\/florerostaing.com\/index.php\/wp-json\/wp\/v2\/media?parent=4772"}],"curies":[{"name":"wp","href":"https:\/\/api.w.org\/{rel}","templated":true}]}}